{"id":20648,"date":"2016-05-18T15:11:42","date_gmt":"2016-05-18T13:11:42","guid":{"rendered":"http:\/\/likemetkovic.hr\/?page_id=20648"},"modified":"2016-10-18T19:44:25","modified_gmt":"2016-10-18T17:44:25","slug":"domu-zdravlja-metkovic-kontakti","status":"publish","type":"page","link":"https:\/\/likemetkovic.hr\/portal\/domu-zdravlja-metkovic-kontakti\/","title":{"rendered":"Dom zdravlja Metkovi\u0107 &#8211; kontakti"},"content":{"rendered":"<table width=\"271\">\n<tbody>\n<tr>\n<td width=\"207\">Ravnatelj<\/td>\n<td width=\"64\">800-028<\/td>\n<\/tr>\n<tr>\n<td width=\"207\">Pravna slu\u017eba<\/td>\n<td>800-033<\/td>\n<\/tr>\n<tr>\n<td width=\"207\">\u0160ef ra\u010dunovodstva<\/td>\n<td>800-024<\/td>\n<\/tr>\n<tr>\n<td width=\"207\">Ra\u010dunovodstvo 1<\/td>\n<td>800-076<\/td>\n<\/tr>\n<tr>\n<td width=\"207\">Ra\u010dunovodstvo 2<\/td>\n<td>800-026<\/td>\n<\/tr>\n<tr>\n<td width=\"207\">Kadrovska slu\u017eba<\/td>\n<td>800-023<\/td>\n<\/tr>\n<tr>\n<td width=\"207\">Slu\u017eba nabave<\/td>\n<td>800-044<\/td>\n<\/tr>\n<tr>\n<td width=\"207\">Ku\u0107ni majstor<\/td>\n<td>800-027<\/td>\n<\/tr>\n<tr>\n<td width=\"207\">Sanitet<\/td>\n<td>800-071<\/td>\n<\/tr>\n<tr>\n<td width=\"207\">Logoped<\/td>\n<td>800-032<\/td>\n<\/tr>\n<tr>\n<td width=\"207\">Internisti\u010dka ordinacija<\/td>\n<td>681-085<\/td>\n<\/tr>\n<tr>\n<td width=\"207\">dr. Bubica, ginek.<\/td>\n<td>681-090<\/td>\n<\/tr>\n<tr>\n<td width=\"207\">dr. Matu\u0161ko, ginek.<\/td>\n<td>800-037<\/td>\n<\/tr>\n<tr>\n<td width=\"207\">dr. Musulin,<\/td>\n<td>680-255<\/td>\n<\/tr>\n<tr>\n<td width=\"207\">Fizikalna-za naru\u010divanje<\/td>\n<td>683-579<\/td>\n<\/tr>\n<tr>\n<td width=\"207\">dr. Kaleb, pedijatar<\/td>\n<td>800-018<\/td>\n<\/tr>\n<tr>\n<td colspan=\"2\" width=\"271\">Stomatolo\u0161ke ordinacije:<\/td>\n<\/tr>\n<tr>\n<td width=\"207\">dr. Janja Volarevi\u0107<\/td>\n<td>800-072<\/td>\n<\/tr>\n<tr>\n<td width=\"207\">dr. Danijela Planini\u0107<\/td>\n<td>683-809<\/td>\n<\/tr>\n<tr>\n<td width=\"207\">dr. Nata\u0161a Marin<\/td>\n<td>800-016<\/td>\n<\/tr>\n<tr>\n<td width=\"207\">dr. Damir Dodig<\/td>\n<td>800-073<\/td>\n<\/tr>\n<tr>\n<td width=\"207\">dr. Zdravka Ostoji\u0107<\/td>\n<td>800-022<\/td>\n<\/tr>\n<tr>\n<td width=\"207\">RTG dijagnostika<\/td>\n<td>800-040<\/td>\n<\/tr>\n<tr>\n<td width=\"207\">Rodili\u0161te<\/td>\n<td>681-769<\/td>\n<\/tr>\n<tr>\n<td width=\"207\">Hemodijaliza<\/td>\n<td>680-288<\/td>\n<\/tr>\n<\/tbody>\n<\/table>\n","protected":false},"excerpt":{"rendered":"<p>Ravnatelj 800-028 Pravna slu\u017eba 800-033 \u0160ef ra\u010dunovodstva 800-024 Ra\u010dunovodstvo 1 800-076 Ra\u010dunovodstvo 2 800-026 Kadrovska slu\u017eba 800-023 Slu\u017eba nabave 800-044 Ku\u0107ni majstor 800-027 Sanitet 800-071 Logoped 800-032 Internisti\u010dka ordinacija 681-085 dr. Bubica, ginek. 681-090 dr. Matu\u0161ko, ginek. 800-037 dr. Musulin, 680-255 Fizikalna-za naru\u010divanje 683-579 dr. Kaleb, pedijatar 800-018 Stomatolo\u0161ke ordinacije: dr. Janja Volarevi\u0107 800-072 dr. [&hellip;]<\/p>\n","protected":false},"author":1,"featured_media":7577,"parent":0,"menu_order":0,"comment_status":"closed","ping_status":"closed","template":"","meta":{"footnotes":""},"class_list":["post-20648","page","type-page","status-publish","has-post-thumbnail"],"yoast_head":"<!-- This site is optimized with the Yoast SEO plugin v25.2 - https:\/\/yoast.com\/wordpress\/plugins\/seo\/ -->\n<title>Dom zdravlja Metkovi\u0107 - kontakti - likemetkovic.hr<\/title>\n<meta name=\"robots\" content=\"index, follow, max-snippet:-1, max-image-preview:large, max-video-preview:-1\" \/>\n<link rel=\"canonical\" href=\"https:\/\/likemetkovic.hr\/domu-zdravlja-metkovic-kontakti\/\" \/>\n<meta property=\"og:locale\" content=\"hr_HR\" \/>\n<meta property=\"og:type\" content=\"article\" \/>\n<meta property=\"og:title\" content=\"Dom zdravlja Metkovi\u0107 - kontakti - likemetkovic.hr\" \/>\n<meta property=\"og:description\" content=\"Ravnatelj 800-028 Pravna slu\u017eba 800-033 \u0160ef ra\u010dunovodstva 800-024 Ra\u010dunovodstvo 1 800-076 Ra\u010dunovodstvo 2 800-026 Kadrovska slu\u017eba 800-023 Slu\u017eba nabave 800-044 Ku\u0107ni majstor 800-027 Sanitet 800-071 Logoped 800-032 Internisti\u010dka ordinacija 681-085 dr. Bubica, ginek. 681-090 dr. Matu\u0161ko, ginek. 800-037 dr. Musulin, 680-255 Fizikalna-za naru\u010divanje 683-579 dr. Kaleb, pedijatar 800-018 Stomatolo\u0161ke ordinacije: dr. Janja Volarevi\u0107 800-072 dr. [&hellip;]\" \/>\n<meta property=\"og:url\" content=\"https:\/\/likemetkovic.hr\/domu-zdravlja-metkovic-kontakti\/\" \/>\n<meta property=\"og:site_name\" content=\"likemetkovic.hr\" \/>\n<meta property=\"article:publisher\" content=\"https:\/\/www.facebook.com\/likemetkovic.hr\/\" \/>\n<meta property=\"article:modified_time\" content=\"2016-10-18T17:44:25+00:00\" \/>\n<meta property=\"og:image\" content=\"https:\/\/likemetkovic.hr\/wp-content\/uploads\/2015\/07\/dom-zdravlja.jpg\" \/>\n\t<meta property=\"og:image:width\" content=\"800\" \/>\n\t<meta property=\"og:image:height\" content=\"600\" \/>\n\t<meta property=\"og:image:type\" content=\"image\/jpeg\" \/>\n<meta name=\"twitter:card\" content=\"summary_large_image\" \/>\n<script type=\"application\/ld+json\" class=\"yoast-schema-graph\">{\"@context\":\"https:\/\/schema.org\",\"@graph\":[{\"@type\":\"WebPage\",\"@id\":\"https:\/\/likemetkovic.hr\/domu-zdravlja-metkovic-kontakti\/\",\"url\":\"https:\/\/likemetkovic.hr\/domu-zdravlja-metkovic-kontakti\/\",\"name\":\"Dom zdravlja Metkovi\u0107 - kontakti - likemetkovic.hr\",\"isPartOf\":{\"@id\":\"https:\/\/likemetkovic.hr\/#website\"},\"primaryImageOfPage\":{\"@id\":\"https:\/\/likemetkovic.hr\/domu-zdravlja-metkovic-kontakti\/#primaryimage\"},\"image\":{\"@id\":\"https:\/\/likemetkovic.hr\/domu-zdravlja-metkovic-kontakti\/#primaryimage\"},\"thumbnailUrl\":\"https:\/\/likemetkovic.hr\/portal\/wp-content\/uploads\/2015\/07\/dom-zdravlja.jpg\",\"datePublished\":\"2016-05-18T13:11:42+00:00\",\"dateModified\":\"2016-10-18T17:44:25+00:00\",\"breadcrumb\":{\"@id\":\"https:\/\/likemetkovic.hr\/domu-zdravlja-metkovic-kontakti\/#breadcrumb\"},\"inLanguage\":\"hr\",\"potentialAction\":[{\"@type\":\"ReadAction\",\"target\":[\"https:\/\/likemetkovic.hr\/domu-zdravlja-metkovic-kontakti\/\"]}]},{\"@type\":\"ImageObject\",\"inLanguage\":\"hr\",\"@id\":\"https:\/\/likemetkovic.hr\/domu-zdravlja-metkovic-kontakti\/#primaryimage\",\"url\":\"https:\/\/likemetkovic.hr\/portal\/wp-content\/uploads\/2015\/07\/dom-zdravlja.jpg\",\"contentUrl\":\"https:\/\/likemetkovic.hr\/portal\/wp-content\/uploads\/2015\/07\/dom-zdravlja.jpg\",\"width\":800,\"height\":600},{\"@type\":\"BreadcrumbList\",\"@id\":\"https:\/\/likemetkovic.hr\/domu-zdravlja-metkovic-kontakti\/#breadcrumb\",\"itemListElement\":[{\"@type\":\"ListItem\",\"position\":1,\"name\":\"Po\u010detna stranica\",\"item\":\"https:\/\/likemetkovic.hr\/portal\/\"},{\"@type\":\"ListItem\",\"position\":2,\"name\":\"Dom zdravlja Metkovi\u0107 &#8211; kontakti\"}]},{\"@type\":\"WebSite\",\"@id\":\"https:\/\/likemetkovic.hr\/#website\",\"url\":\"https:\/\/likemetkovic.hr\/\",\"name\":\"likemetkovic.hr\",\"description\":\"Misli pozitivno... \u010ditaj LIKE\",\"potentialAction\":[{\"@type\":\"SearchAction\",\"target\":{\"@type\":\"EntryPoint\",\"urlTemplate\":\"https:\/\/likemetkovic.hr\/?s={search_term_string}\"},\"query-input\":{\"@type\":\"PropertyValueSpecification\",\"valueRequired\":true,\"valueName\":\"search_term_string\"}}],\"inLanguage\":\"hr\"}]}<\/script>\n<!-- \/ Yoast SEO plugin. -->","yoast_head_json":{"title":"Dom zdravlja Metkovi\u0107 - kontakti - likemetkovic.hr","robots":{"index":"index","follow":"follow","max-snippet":"max-snippet:-1","max-image-preview":"max-image-preview:large","max-video-preview":"max-video-preview:-1"},"canonical":"https:\/\/likemetkovic.hr\/domu-zdravlja-metkovic-kontakti\/","og_locale":"hr_HR","og_type":"article","og_title":"Dom zdravlja Metkovi\u0107 - kontakti - likemetkovic.hr","og_description":"Ravnatelj 800-028 Pravna slu\u017eba 800-033 \u0160ef ra\u010dunovodstva 800-024 Ra\u010dunovodstvo 1 800-076 Ra\u010dunovodstvo 2 800-026 Kadrovska slu\u017eba 800-023 Slu\u017eba nabave 800-044 Ku\u0107ni majstor 800-027 Sanitet 800-071 Logoped 800-032 Internisti\u010dka ordinacija 681-085 dr. Bubica, ginek. 681-090 dr. Matu\u0161ko, ginek. 800-037 dr. Musulin, 680-255 Fizikalna-za naru\u010divanje 683-579 dr. Kaleb, pedijatar 800-018 Stomatolo\u0161ke ordinacije: dr. Janja Volarevi\u0107 800-072 dr. [&hellip;]","og_url":"https:\/\/likemetkovic.hr\/domu-zdravlja-metkovic-kontakti\/","og_site_name":"likemetkovic.hr","article_publisher":"https:\/\/www.facebook.com\/likemetkovic.hr\/","article_modified_time":"2016-10-18T17:44:25+00:00","og_image":[{"width":800,"height":600,"url":"https:\/\/likemetkovic.hr\/wp-content\/uploads\/2015\/07\/dom-zdravlja.jpg","type":"image\/jpeg"}],"twitter_card":"summary_large_image","schema":{"@context":"https:\/\/schema.org","@graph":[{"@type":"WebPage","@id":"https:\/\/likemetkovic.hr\/domu-zdravlja-metkovic-kontakti\/","url":"https:\/\/likemetkovic.hr\/domu-zdravlja-metkovic-kontakti\/","name":"Dom zdravlja Metkovi\u0107 - kontakti - likemetkovic.hr","isPartOf":{"@id":"https:\/\/likemetkovic.hr\/#website"},"primaryImageOfPage":{"@id":"https:\/\/likemetkovic.hr\/domu-zdravlja-metkovic-kontakti\/#primaryimage"},"image":{"@id":"https:\/\/likemetkovic.hr\/domu-zdravlja-metkovic-kontakti\/#primaryimage"},"thumbnailUrl":"https:\/\/likemetkovic.hr\/portal\/wp-content\/uploads\/2015\/07\/dom-zdravlja.jpg","datePublished":"2016-05-18T13:11:42+00:00","dateModified":"2016-10-18T17:44:25+00:00","breadcrumb":{"@id":"https:\/\/likemetkovic.hr\/domu-zdravlja-metkovic-kontakti\/#breadcrumb"},"inLanguage":"hr","potentialAction":[{"@type":"ReadAction","target":["https:\/\/likemetkovic.hr\/domu-zdravlja-metkovic-kontakti\/"]}]},{"@type":"ImageObject","inLanguage":"hr","@id":"https:\/\/likemetkovic.hr\/domu-zdravlja-metkovic-kontakti\/#primaryimage","url":"https:\/\/likemetkovic.hr\/portal\/wp-content\/uploads\/2015\/07\/dom-zdravlja.jpg","contentUrl":"https:\/\/likemetkovic.hr\/portal\/wp-content\/uploads\/2015\/07\/dom-zdravlja.jpg","width":800,"height":600},{"@type":"BreadcrumbList","@id":"https:\/\/likemetkovic.hr\/domu-zdravlja-metkovic-kontakti\/#breadcrumb","itemListElement":[{"@type":"ListItem","position":1,"name":"Po\u010detna stranica","item":"https:\/\/likemetkovic.hr\/portal\/"},{"@type":"ListItem","position":2,"name":"Dom zdravlja Metkovi\u0107 &#8211; kontakti"}]},{"@type":"WebSite","@id":"https:\/\/likemetkovic.hr\/#website","url":"https:\/\/likemetkovic.hr\/","name":"likemetkovic.hr","description":"Misli pozitivno... \u010ditaj LIKE","potentialAction":[{"@type":"SearchAction","target":{"@type":"EntryPoint","urlTemplate":"https:\/\/likemetkovic.hr\/?s={search_term_string}"},"query-input":{"@type":"PropertyValueSpecification","valueRequired":true,"valueName":"search_term_string"}}],"inLanguage":"hr"}]}},"_links":{"self":[{"href":"https:\/\/likemetkovic.hr\/portal\/wp-json\/wp\/v2\/pages\/20648","targetHints":{"allow":["GET"]}}],"collection":[{"href":"https:\/\/likemetkovic.hr\/portal\/wp-json\/wp\/v2\/pages"}],"about":[{"href":"https:\/\/likemetkovic.hr\/portal\/wp-json\/wp\/v2\/types\/page"}],"author":[{"embeddable":true,"href":"https:\/\/likemetkovic.hr\/portal\/wp-json\/wp\/v2\/users\/1"}],"replies":[{"embeddable":true,"href":"https:\/\/likemetkovic.hr\/portal\/wp-json\/wp\/v2\/comments?post=20648"}],"version-history":[{"count":0,"href":"https:\/\/likemetkovic.hr\/portal\/wp-json\/wp\/v2\/pages\/20648\/revisions"}],"wp:featuredmedia":[{"embeddable":true,"href":"https:\/\/likemetkovic.hr\/portal\/wp-json\/wp\/v2\/media\/7577"}],"wp:attachment":[{"href":"https:\/\/likemetkovic.hr\/portal\/wp-json\/wp\/v2\/media?parent=20648"}],"curies":[{"name":"wp","href":"https:\/\/api.w.org\/{rel}","templated":true}]}}