{"id":5927,"date":"2015-05-30T11:07:09","date_gmt":"2015-05-30T09:07:09","guid":{"rendered":"http:\/\/likemetkovic.hr\/?page_id=5927"},"modified":"2016-07-09T14:42:03","modified_gmt":"2016-07-09T12:42:03","slug":"taxi-mario","status":"publish","type":"page","link":"https:\/\/likemetkovic.hr\/portal\/taxi-mario\/","title":{"rendered":"TAXI MARIO (0-24)"},"content":{"rendered":"<div class=\"wpb-content-wrapper\"><div id=\"tdi_1\" class=\"tdc-row\"><div class=\"vc_row tdi_2  wpb_row td-pb-row\" >\n<style scoped>\n\/* custom css - generated by TagDiv Composer *\/\n\n\/* custom css - generated by TagDiv Composer *\/\n.tdi_2,\r\n                .tdi_2 .tdc-columns{\r\n                    min-height: 0;\r\n                }.tdi_2,\r\n\t\t\t\t.tdi_2 .tdc-columns{\r\n\t\t\t\t    display: block;\r\n\t\t\t\t}.tdi_2 .tdc-columns{\r\n\t\t\t\t    width: 100%;\r\n\t\t\t\t}.tdi_2:before,\r\n\t\t\t\t.tdi_2:after{\r\n\t\t\t\t    display: table;\r\n\t\t\t\t}\n<\/style><div class=\"vc_column tdi_4  wpb_column vc_column_container tdc-column td-pb-span6\">\n<style scoped>\n\/* custom css - generated by TagDiv Composer *\/\n\n\/* custom css - generated by TagDiv Composer *\/\n.tdi_4{\r\n                    vertical-align: baseline;\r\n                }.tdi_4 > .wpb_wrapper,\r\n\t\t\t\t.tdi_4 > .wpb_wrapper > .tdc-elements{\r\n\t\t\t\t    display: block;\r\n\t\t\t\t}.tdi_4 > .wpb_wrapper > .tdc-elements{\r\n\t\t\t\t    width: 100%;\r\n\t\t\t\t}.tdi_4 > .wpb_wrapper > .vc_row_inner{\r\n\t\t\t\t    width: auto;\r\n\t\t\t\t}.tdi_4 > .wpb_wrapper{\r\n\t\t\t\t    width: auto;\r\n\t\t\t\t    height: auto;\r\n\t\t\t\t}\n<\/style><div class=\"wpb_wrapper\" >[vc_column_text]\r\n<h4><strong><a href=\"http:\/\/likemetkovic.hr\/wp-content\/uploads\/2015\/05\/unnamed.png\"><img decoding=\"async\" class=\" wp-image-5937 alignleft\" src=\"http:\/\/likemetkovic.hr\/wp-content\/uploads\/2015\/05\/unnamed.png\" alt=\"unnamed\" width=\"93\" height=\"93\" srcset=\"https:\/\/likemetkovic.hr\/portal\/wp-content\/uploads\/2015\/05\/unnamed.png 300w, https:\/\/likemetkovic.hr\/portal\/wp-content\/uploads\/2015\/05\/unnamed-150x150.png 150w, https:\/\/likemetkovic.hr\/portal\/wp-content\/uploads\/2015\/05\/unnamed-50x50.png 50w, https:\/\/likemetkovic.hr\/portal\/wp-content\/uploads\/2015\/05\/unnamed-178x178.png 178w\" sizes=\"(max-width: 93px) 100vw, 93px\" \/><\/a><\/strong>[wp-svg-icons icon=&#8221;location-2&#8243; wrap=&#8221;i&#8221;] Pa\u0161ka Baburice 10,\u00a020350 Metkovi\u0107\r\n[wp-svg-icons icon=&#8221;mobile&#8221; wrap=&#8221;i&#8221;]\u00a0<strong>+385\u00a098 459 275\r\n<\/strong>[wp-svg-icons icon=&#8221;facebook-2&#8243; wrap=&#8221;i&#8221;]\u00a0<em><strong><a href=\"http:\/\/www.facebook.com\/TaxiMarioMetkovic\" target=\"_blank\">facebook.com\/TaxiMarioMetkovic<\/a><\/strong><\/em><\/h4>\r\n[\/vc_column_text]<\/div><\/div><div class=\"vc_column tdi_6  wpb_column vc_column_container tdc-column td-pb-span6\">\n<style scoped>\n\/* custom css - generated by TagDiv Composer *\/\n\n\/* custom css - generated by TagDiv Composer *\/\n.tdi_6{\r\n                    vertical-align: baseline;\r\n                }.tdi_6 > .wpb_wrapper,\r\n\t\t\t\t.tdi_6 > .wpb_wrapper > .tdc-elements{\r\n\t\t\t\t    display: block;\r\n\t\t\t\t}.tdi_6 > .wpb_wrapper > .tdc-elements{\r\n\t\t\t\t    width: 100%;\r\n\t\t\t\t}.tdi_6 > .wpb_wrapper > .vc_row_inner{\r\n\t\t\t\t    width: auto;\r\n\t\t\t\t}.tdi_6 > .wpb_wrapper{\r\n\t\t\t\t    width: auto;\r\n\t\t\t\t    height: auto;\r\n\t\t\t\t}\n<\/style><div class=\"wpb_wrapper\" >[vc_column_text]\r\n<h4><strong>TAXI MARIO (0-24)\u00a0<\/strong>je kvalitetna i povoljna taxi usluga na podru\u010dju grada Metkovi\u0107a i \u0161ire okolice<\/h4>\r\n[\/vc_column_text]<\/div><\/div><\/div><\/div><div id=\"tdi_7\" class=\"tdc-row\"><div class=\"vc_row tdi_8  wpb_row td-pb-row\" >\n<style scoped>\n\/* custom css - generated by TagDiv Composer *\/\n\n\/* custom css - generated by TagDiv Composer *\/\n.tdi_8,\r\n                .tdi_8 .tdc-columns{\r\n                    min-height: 0;\r\n                }.tdi_8,\r\n\t\t\t\t.tdi_8 .tdc-columns{\r\n\t\t\t\t    display: block;\r\n\t\t\t\t}.tdi_8 .tdc-columns{\r\n\t\t\t\t    width: 100%;\r\n\t\t\t\t}.tdi_8:before,\r\n\t\t\t\t.tdi_8:after{\r\n\t\t\t\t    display: table;\r\n\t\t\t\t}\n<\/style><div class=\"vc_column tdi_10  wpb_column vc_column_container tdc-column td-pb-span6\">\n<style scoped>\n\/* custom css - generated by TagDiv Composer *\/\n\n\/* custom css - generated by TagDiv Composer *\/\n.tdi_10{\r\n                    vertical-align: baseline;\r\n                }.tdi_10 > .wpb_wrapper,\r\n\t\t\t\t.tdi_10 > .wpb_wrapper > .tdc-elements{\r\n\t\t\t\t    display: block;\r\n\t\t\t\t}.tdi_10 > .wpb_wrapper > .tdc-elements{\r\n\t\t\t\t    width: 100%;\r\n\t\t\t\t}.tdi_10 > .wpb_wrapper > .vc_row_inner{\r\n\t\t\t\t    width: auto;\r\n\t\t\t\t}.tdi_10 > .wpb_wrapper{\r\n\t\t\t\t    width: auto;\r\n\t\t\t\t    height: auto;\r\n\t\t\t\t}\n<\/style><div class=\"wpb_wrapper\" >[vc_column_text]\r\n<h3 style=\"text-align: center;\"><b>CJENIK AUTO-TAXI USLUGA\r\nPRICE LIST OF TAXI SERVICES<\/b><\/h3>\r\n<table class=\" aligncenter\" style=\"height: 309px;\" width=\"350\">\r\n<tbody>\r\n<tr>\r\n<td width=\"409\"><strong>Start do 5 km<\/strong>\r\n(up to 5 km)<\/td>\r\n<td width=\"108\"><strong>40,00 kn<\/strong><\/td>\r\n<\/tr>\r\n<tr>\r\n<td><strong>Vo\u017enja po 1 km nakon 5 km<\/strong>\r\n(per 1 km over 5km)<\/td>\r\n<td><strong>8,00 kn<\/strong><\/td>\r\n<\/tr>\r\n<tr>\r\n<td><strong>\u010cekanje po 1 satu<\/strong>\r\n(waiting time per hour)<\/td>\r\n<td><strong>40,00 kn<\/strong><\/td>\r\n<\/tr>\r\n<tr>\r\n<td><strong>Osobna prtljaga po 1 kom<\/strong>\r\n(luggage per 1 piece)<\/td>\r\n<td><strong>5,00 kn<\/strong><\/td>\r\n<\/tr>\r\n<tr>\r\n<td style=\"text-align: center;\" colspan=\"2\">od 22:00 do 05:00 sati (from 22PM to 5AM)<\/td>\r\n<\/tr>\r\n<tr>\r\n<td style=\"text-align: center;\" colspan=\"2\" width=\"517\">No\u0107na vo\u017enja, praznikom i nedjeljom 20% skuplje (night run, on holidays and Sundays 20% up the price)<\/td>\r\n<\/tr>\r\n<\/tbody>\r\n<\/table>\r\n[\/vc_column_text]<\/div><\/div><div class=\"vc_column tdi_12  wpb_column vc_column_container tdc-column td-pb-span6\">\n<style scoped>\n\/* custom css - generated by TagDiv Composer *\/\n\n\/* custom css - generated by TagDiv Composer *\/\n.tdi_12{\r\n                    vertical-align: baseline;\r\n                }.tdi_12 > .wpb_wrapper,\r\n\t\t\t\t.tdi_12 > .wpb_wrapper > .tdc-elements{\r\n\t\t\t\t    display: block;\r\n\t\t\t\t}.tdi_12 > .wpb_wrapper > .tdc-elements{\r\n\t\t\t\t    width: 100%;\r\n\t\t\t\t}.tdi_12 > .wpb_wrapper > .vc_row_inner{\r\n\t\t\t\t    width: auto;\r\n\t\t\t\t}.tdi_12 > .wpb_wrapper{\r\n\t\t\t\t    width: auto;\r\n\t\t\t\t    height: auto;\r\n\t\t\t\t}\n<\/style><div class=\"wpb_wrapper\" >[vc_column_text]<img decoding=\"async\" class=\" td-modal-image aligncenter wp-image-5928 size-large\" src=\"http:\/\/likemetkovic.hr\/wp-content\/uploads\/2015\/05\/mariotaxi-640x359.jpg\" alt=\"mariotaxi\" width=\"640\" height=\"359\" srcset=\"https:\/\/likemetkovic.hr\/portal\/wp-content\/uploads\/2015\/05\/mariotaxi-640x359.jpg 640w, https:\/\/likemetkovic.hr\/portal\/wp-content\/uploads\/2015\/05\/mariotaxi-300x168.jpg 300w, https:\/\/likemetkovic.hr\/portal\/wp-content\/uploads\/2015\/05\/mariotaxi.jpg 720w\" sizes=\"(max-width: 640px) 100vw, 640px\" \/>[\/vc_column_text]<\/div><\/div><\/div><\/div><\/div>","protected":false},"excerpt":{"rendered":"[vc_column_text] [wp-svg-icons icon=\"location-2\" wrap=\"i\"] Pa\u0161ka Baburice 10,\u00a020350 Metkovi\u0107 [wp-svg-icons icon=\"mobile\" wrap=\"i\"]\u00a0+385\u00a098 459 275 [wp-svg-icons icon=\"facebook-2\" wrap=\"i\"]\u00a0facebook.com\/TaxiMarioMetkovic [\/vc_column_text] [vc_column_text] TAXI MARIO (0-24)\u00a0je kvalitetna i povoljna taxi usluga na podru\u010dju grada Metkovi\u0107a i \u0161ire okolice [\/vc_column_text] [vc_column_text] CJENIK AUTO-TAXI USLUGA PRICE LIST OF TAXI SERVICES Start do 5 km (up to 5 km) 40,00 kn Vo\u017enja po [...]","protected":false},"author":1,"featured_media":0,"parent":0,"menu_order":0,"comment_status":"closed","ping_status":"closed","template":"","meta":{"footnotes":""},"class_list":["post-5927","page","type-page","status-publish"],"yoast_head":"<!-- This site is optimized with the Yoast SEO plugin v25.2 - https:\/\/yoast.com\/wordpress\/plugins\/seo\/ -->\n<title>Taxi Mario - Metkovi\u0107<\/title>\n<meta name=\"description\" content=\"TAXI MARIO (0-24) je kvalitetna i povoljna taxi usluga na podru\u010dju grada Metkovi\u0107a i \u0161ire okolice\" \/>\n<meta name=\"robots\" content=\"index, follow, max-snippet:-1, max-image-preview:large, max-video-preview:-1\" \/>\n<link rel=\"canonical\" href=\"https:\/\/likemetkovic.hr\/taxi-mario\/\" \/>\n<meta property=\"og:locale\" content=\"hr_HR\" \/>\n<meta property=\"og:type\" content=\"article\" \/>\n<meta property=\"og:title\" content=\"Taxi Mario - Metkovi\u0107\" \/>\n<meta property=\"og:description\" content=\"TAXI MARIO (0-24) je kvalitetna i povoljna taxi usluga na podru\u010dju grada Metkovi\u0107a i \u0161ire okolice\" \/>\n<meta property=\"og:url\" content=\"https:\/\/likemetkovic.hr\/taxi-mario\/\" \/>\n<meta property=\"og:site_name\" content=\"likemetkovic.hr\" \/>\n<meta property=\"article:publisher\" content=\"https:\/\/www.facebook.com\/likemetkovic.hr\/\" \/>\n<meta property=\"article:modified_time\" content=\"2016-07-09T12:42:03+00:00\" \/>\n<meta property=\"og:image\" content=\"http:\/\/likemetkovic.hr\/wp-content\/uploads\/2015\/05\/unnamed.png\" \/>\n<meta name=\"twitter:card\" content=\"summary_large_image\" \/>\n<meta name=\"twitter:label1\" content=\"Procijenjeno vrijeme \u010ditanja\" \/>\n\t<meta name=\"twitter:data1\" content=\"1 minuta\" \/>\n<script type=\"application\/ld+json\" class=\"yoast-schema-graph\">{\"@context\":\"https:\/\/schema.org\",\"@graph\":[{\"@type\":\"WebPage\",\"@id\":\"https:\/\/likemetkovic.hr\/taxi-mario\/\",\"url\":\"https:\/\/likemetkovic.hr\/taxi-mario\/\",\"name\":\"Taxi Mario - Metkovi\u0107\",\"isPartOf\":{\"@id\":\"https:\/\/likemetkovic.hr\/#website\"},\"primaryImageOfPage\":{\"@id\":\"https:\/\/likemetkovic.hr\/taxi-mario\/#primaryimage\"},\"image\":{\"@id\":\"https:\/\/likemetkovic.hr\/taxi-mario\/#primaryimage\"},\"thumbnailUrl\":\"http:\/\/likemetkovic.hr\/wp-content\/uploads\/2015\/05\/unnamed.png\",\"datePublished\":\"2015-05-30T09:07:09+00:00\",\"dateModified\":\"2016-07-09T12:42:03+00:00\",\"description\":\"TAXI MARIO (0-24) je kvalitetna i povoljna taxi usluga na podru\u010dju grada Metkovi\u0107a i \u0161ire okolice\",\"breadcrumb\":{\"@id\":\"https:\/\/likemetkovic.hr\/taxi-mario\/#breadcrumb\"},\"inLanguage\":\"hr\",\"potentialAction\":[{\"@type\":\"ReadAction\",\"target\":[\"https:\/\/likemetkovic.hr\/taxi-mario\/\"]}]},{\"@type\":\"ImageObject\",\"inLanguage\":\"hr\",\"@id\":\"https:\/\/likemetkovic.hr\/taxi-mario\/#primaryimage\",\"url\":\"http:\/\/likemetkovic.hr\/wp-content\/uploads\/2015\/05\/unnamed.png\",\"contentUrl\":\"http:\/\/likemetkovic.hr\/wp-content\/uploads\/2015\/05\/unnamed.png\"},{\"@type\":\"BreadcrumbList\",\"@id\":\"https:\/\/likemetkovic.hr\/taxi-mario\/#breadcrumb\",\"itemListElement\":[{\"@type\":\"ListItem\",\"position\":1,\"name\":\"Po\u010detna stranica\",\"item\":\"https:\/\/likemetkovic.hr\/portal\/\"},{\"@type\":\"ListItem\",\"position\":2,\"name\":\"TAXI MARIO (0-24)\"}]},{\"@type\":\"WebSite\",\"@id\":\"https:\/\/likemetkovic.hr\/#website\",\"url\":\"https:\/\/likemetkovic.hr\/\",\"name\":\"likemetkovic.hr\",\"description\":\"Misli pozitivno... \u010ditaj LIKE\",\"potentialAction\":[{\"@type\":\"SearchAction\",\"target\":{\"@type\":\"EntryPoint\",\"urlTemplate\":\"https:\/\/likemetkovic.hr\/?s={search_term_string}\"},\"query-input\":{\"@type\":\"PropertyValueSpecification\",\"valueRequired\":true,\"valueName\":\"search_term_string\"}}],\"inLanguage\":\"hr\"}]}<\/script>\n<!-- \/ Yoast SEO plugin. -->","yoast_head_json":{"title":"Taxi Mario - Metkovi\u0107","description":"TAXI MARIO (0-24) je kvalitetna i povoljna taxi usluga na podru\u010dju grada Metkovi\u0107a i \u0161ire okolice","robots":{"index":"index","follow":"follow","max-snippet":"max-snippet:-1","max-image-preview":"max-image-preview:large","max-video-preview":"max-video-preview:-1"},"canonical":"https:\/\/likemetkovic.hr\/taxi-mario\/","og_locale":"hr_HR","og_type":"article","og_title":"Taxi Mario - Metkovi\u0107","og_description":"TAXI MARIO (0-24) je kvalitetna i povoljna taxi usluga na podru\u010dju grada Metkovi\u0107a i \u0161ire okolice","og_url":"https:\/\/likemetkovic.hr\/taxi-mario\/","og_site_name":"likemetkovic.hr","article_publisher":"https:\/\/www.facebook.com\/likemetkovic.hr\/","article_modified_time":"2016-07-09T12:42:03+00:00","og_image":[{"url":"http:\/\/likemetkovic.hr\/wp-content\/uploads\/2015\/05\/unnamed.png","type":"","width":"","height":""}],"twitter_card":"summary_large_image","twitter_misc":{"Procijenjeno vrijeme \u010ditanja":"1 minuta"},"schema":{"@context":"https:\/\/schema.org","@graph":[{"@type":"WebPage","@id":"https:\/\/likemetkovic.hr\/taxi-mario\/","url":"https:\/\/likemetkovic.hr\/taxi-mario\/","name":"Taxi Mario - Metkovi\u0107","isPartOf":{"@id":"https:\/\/likemetkovic.hr\/#website"},"primaryImageOfPage":{"@id":"https:\/\/likemetkovic.hr\/taxi-mario\/#primaryimage"},"image":{"@id":"https:\/\/likemetkovic.hr\/taxi-mario\/#primaryimage"},"thumbnailUrl":"http:\/\/likemetkovic.hr\/wp-content\/uploads\/2015\/05\/unnamed.png","datePublished":"2015-05-30T09:07:09+00:00","dateModified":"2016-07-09T12:42:03+00:00","description":"TAXI MARIO (0-24) je kvalitetna i povoljna taxi usluga na podru\u010dju grada Metkovi\u0107a i \u0161ire okolice","breadcrumb":{"@id":"https:\/\/likemetkovic.hr\/taxi-mario\/#breadcrumb"},"inLanguage":"hr","potentialAction":[{"@type":"ReadAction","target":["https:\/\/likemetkovic.hr\/taxi-mario\/"]}]},{"@type":"ImageObject","inLanguage":"hr","@id":"https:\/\/likemetkovic.hr\/taxi-mario\/#primaryimage","url":"http:\/\/likemetkovic.hr\/wp-content\/uploads\/2015\/05\/unnamed.png","contentUrl":"http:\/\/likemetkovic.hr\/wp-content\/uploads\/2015\/05\/unnamed.png"},{"@type":"BreadcrumbList","@id":"https:\/\/likemetkovic.hr\/taxi-mario\/#breadcrumb","itemListElement":[{"@type":"ListItem","position":1,"name":"Po\u010detna stranica","item":"https:\/\/likemetkovic.hr\/portal\/"},{"@type":"ListItem","position":2,"name":"TAXI MARIO (0-24)"}]},{"@type":"WebSite","@id":"https:\/\/likemetkovic.hr\/#website","url":"https:\/\/likemetkovic.hr\/","name":"likemetkovic.hr","description":"Misli pozitivno... \u010ditaj LIKE","potentialAction":[{"@type":"SearchAction","target":{"@type":"EntryPoint","urlTemplate":"https:\/\/likemetkovic.hr\/?s={search_term_string}"},"query-input":{"@type":"PropertyValueSpecification","valueRequired":true,"valueName":"search_term_string"}}],"inLanguage":"hr"}]}},"_links":{"self":[{"href":"https:\/\/likemetkovic.hr\/portal\/wp-json\/wp\/v2\/pages\/5927","targetHints":{"allow":["GET"]}}],"collection":[{"href":"https:\/\/likemetkovic.hr\/portal\/wp-json\/wp\/v2\/pages"}],"about":[{"href":"https:\/\/likemetkovic.hr\/portal\/wp-json\/wp\/v2\/types\/page"}],"author":[{"embeddable":true,"href":"https:\/\/likemetkovic.hr\/portal\/wp-json\/wp\/v2\/users\/1"}],"replies":[{"embeddable":true,"href":"https:\/\/likemetkovic.hr\/portal\/wp-json\/wp\/v2\/comments?post=5927"}],"version-history":[{"count":0,"href":"https:\/\/likemetkovic.hr\/portal\/wp-json\/wp\/v2\/pages\/5927\/revisions"}],"wp:attachment":[{"href":"https:\/\/likemetkovic.hr\/portal\/wp-json\/wp\/v2\/media?parent=5927"}],"curies":[{"name":"wp","href":"https:\/\/api.w.org\/{rel}","templated":true}]}}