{"id":93265,"date":"2019-11-29T16:09:23","date_gmt":"2019-11-29T15:09:23","guid":{"rendered":"https:\/\/likemetkovic.hr\/?page_id=93265"},"modified":"2026-02-02T15:59:06","modified_gmt":"2026-02-02T14:59:06","slug":"kontakt-2","status":"publish","type":"page","link":"https:\/\/likemetkovic.hr\/portal\/kontakt-2\/","title":{"rendered":"Kontakt"},"content":{"rendered":"<h4 style=\"text-align: center;\"><strong>Izdava\u010d<\/strong><\/h4>\n<p style=\"text-align: center;\"><em><strong>DELTAVOX<\/strong>, obrt za usluge<\/em><br \/>\n<em>vl. Kre\u0161imir Juri\u0107<br \/>\nA.K. Mio\u0161i\u0107a 57\/5 <span style=\"color: #0000ff;\">| <\/span><\/em><em>20350 Metkovi\u0107<br \/>\nOIB: 91058453139<\/em><\/p>\n<h4 style=\"text-align: center;\"><strong>Glavni urednik i novinar<\/strong><\/h4>\n<p style=\"text-align: center;\"><em>Kre\u0161imir Juri\u0107<\/em><\/p>\n<h4 style=\"text-align: center;\"><strong>Kontakt<\/strong><\/h4>\n<p style=\"text-align: center;\"><em><a href=\"mailto:info@likemetkovic.hr\">info@likemetkovic.hr<\/a><\/em><\/p>\n","protected":false},"excerpt":{"rendered":"<p>Izdava\u010d DELTAVOX, obrt za usluge vl. Kre\u0161imir Juri\u0107 A.K. Mio\u0161i\u0107a 57\/5 | 20350 Metkovi\u0107 OIB: 91058453139 Glavni urednik i novinar Kre\u0161imir Juri\u0107 Kontakt info@likemetkovic.hr<\/p>\n","protected":false},"author":1,"featured_media":0,"parent":0,"menu_order":0,"comment_status":"closed","ping_status":"closed","template":"","meta":{"footnotes":""},"class_list":["post-93265","page","type-page","status-publish"],"yoast_head":"<!-- This site is optimized with the Yoast SEO plugin v25.2 - https:\/\/yoast.com\/wordpress\/plugins\/seo\/ -->\n<title>Kontakt - likemetkovic.hr<\/title>\n<meta name=\"robots\" content=\"index, follow, max-snippet:-1, max-image-preview:large, max-video-preview:-1\" \/>\n<link rel=\"canonical\" href=\"https:\/\/likemetkovic.hr\/portal\/kontakt-2\/\" \/>\n<meta property=\"og:locale\" content=\"hr_HR\" \/>\n<meta property=\"og:type\" content=\"article\" \/>\n<meta property=\"og:title\" content=\"Kontakt - likemetkovic.hr\" \/>\n<meta property=\"og:description\" content=\"Izdava\u010d DELTAVOX, obrt za usluge vl. Kre\u0161imir Juri\u0107 A.K. Mio\u0161i\u0107a 57\/5 | 20350 Metkovi\u0107 OIB: 91058453139 Glavni urednik i novinar Kre\u0161imir Juri\u0107 Kontakt info@likemetkovic.hr\" \/>\n<meta property=\"og:url\" content=\"https:\/\/likemetkovic.hr\/portal\/kontakt-2\/\" \/>\n<meta property=\"og:site_name\" content=\"likemetkovic.hr\" \/>\n<meta property=\"article:publisher\" content=\"https:\/\/www.facebook.com\/likemetkovic.hr\/\" \/>\n<meta property=\"article:modified_time\" content=\"2026-02-02T14:59:06+00:00\" \/>\n<meta name=\"twitter:card\" content=\"summary_large_image\" \/>\n<meta name=\"twitter:label1\" content=\"Procijenjeno vrijeme \u010ditanja\" \/>\n\t<meta name=\"twitter:data1\" content=\"1 minuta\" \/>\n<script type=\"application\/ld+json\" class=\"yoast-schema-graph\">{\"@context\":\"https:\/\/schema.org\",\"@graph\":[{\"@type\":\"WebPage\",\"@id\":\"https:\/\/likemetkovic.hr\/portal\/kontakt-2\/\",\"url\":\"https:\/\/likemetkovic.hr\/portal\/kontakt-2\/\",\"name\":\"Kontakt - likemetkovic.hr\",\"isPartOf\":{\"@id\":\"https:\/\/likemetkovic.hr\/#website\"},\"datePublished\":\"2019-11-29T15:09:23+00:00\",\"dateModified\":\"2026-02-02T14:59:06+00:00\",\"breadcrumb\":{\"@id\":\"https:\/\/likemetkovic.hr\/portal\/kontakt-2\/#breadcrumb\"},\"inLanguage\":\"hr\",\"potentialAction\":[{\"@type\":\"ReadAction\",\"target\":[\"https:\/\/likemetkovic.hr\/portal\/kontakt-2\/\"]}]},{\"@type\":\"BreadcrumbList\",\"@id\":\"https:\/\/likemetkovic.hr\/portal\/kontakt-2\/#breadcrumb\",\"itemListElement\":[{\"@type\":\"ListItem\",\"position\":1,\"name\":\"Po\u010detna stranica\",\"item\":\"https:\/\/likemetkovic.hr\/portal\/\"},{\"@type\":\"ListItem\",\"position\":2,\"name\":\"Kontakt\"}]},{\"@type\":\"WebSite\",\"@id\":\"https:\/\/likemetkovic.hr\/#website\",\"url\":\"https:\/\/likemetkovic.hr\/\",\"name\":\"likemetkovic.hr\",\"description\":\"Misli pozitivno... \u010ditaj LIKE\",\"potentialAction\":[{\"@type\":\"SearchAction\",\"target\":{\"@type\":\"EntryPoint\",\"urlTemplate\":\"https:\/\/likemetkovic.hr\/?s={search_term_string}\"},\"query-input\":{\"@type\":\"PropertyValueSpecification\",\"valueRequired\":true,\"valueName\":\"search_term_string\"}}],\"inLanguage\":\"hr\"}]}<\/script>\n<!-- \/ Yoast SEO plugin. -->","yoast_head_json":{"title":"Kontakt - likemetkovic.hr","robots":{"index":"index","follow":"follow","max-snippet":"max-snippet:-1","max-image-preview":"max-image-preview:large","max-video-preview":"max-video-preview:-1"},"canonical":"https:\/\/likemetkovic.hr\/portal\/kontakt-2\/","og_locale":"hr_HR","og_type":"article","og_title":"Kontakt - likemetkovic.hr","og_description":"Izdava\u010d DELTAVOX, obrt za usluge vl. Kre\u0161imir Juri\u0107 A.K. Mio\u0161i\u0107a 57\/5 | 20350 Metkovi\u0107 OIB: 91058453139 Glavni urednik i novinar Kre\u0161imir Juri\u0107 Kontakt info@likemetkovic.hr","og_url":"https:\/\/likemetkovic.hr\/portal\/kontakt-2\/","og_site_name":"likemetkovic.hr","article_publisher":"https:\/\/www.facebook.com\/likemetkovic.hr\/","article_modified_time":"2026-02-02T14:59:06+00:00","twitter_card":"summary_large_image","twitter_misc":{"Procijenjeno vrijeme \u010ditanja":"1 minuta"},"schema":{"@context":"https:\/\/schema.org","@graph":[{"@type":"WebPage","@id":"https:\/\/likemetkovic.hr\/portal\/kontakt-2\/","url":"https:\/\/likemetkovic.hr\/portal\/kontakt-2\/","name":"Kontakt - likemetkovic.hr","isPartOf":{"@id":"https:\/\/likemetkovic.hr\/#website"},"datePublished":"2019-11-29T15:09:23+00:00","dateModified":"2026-02-02T14:59:06+00:00","breadcrumb":{"@id":"https:\/\/likemetkovic.hr\/portal\/kontakt-2\/#breadcrumb"},"inLanguage":"hr","potentialAction":[{"@type":"ReadAction","target":["https:\/\/likemetkovic.hr\/portal\/kontakt-2\/"]}]},{"@type":"BreadcrumbList","@id":"https:\/\/likemetkovic.hr\/portal\/kontakt-2\/#breadcrumb","itemListElement":[{"@type":"ListItem","position":1,"name":"Po\u010detna stranica","item":"https:\/\/likemetkovic.hr\/portal\/"},{"@type":"ListItem","position":2,"name":"Kontakt"}]},{"@type":"WebSite","@id":"https:\/\/likemetkovic.hr\/#website","url":"https:\/\/likemetkovic.hr\/","name":"likemetkovic.hr","description":"Misli pozitivno... \u010ditaj LIKE","potentialAction":[{"@type":"SearchAction","target":{"@type":"EntryPoint","urlTemplate":"https:\/\/likemetkovic.hr\/?s={search_term_string}"},"query-input":{"@type":"PropertyValueSpecification","valueRequired":true,"valueName":"search_term_string"}}],"inLanguage":"hr"}]}},"_links":{"self":[{"href":"https:\/\/likemetkovic.hr\/portal\/wp-json\/wp\/v2\/pages\/93265","targetHints":{"allow":["GET"]}}],"collection":[{"href":"https:\/\/likemetkovic.hr\/portal\/wp-json\/wp\/v2\/pages"}],"about":[{"href":"https:\/\/likemetkovic.hr\/portal\/wp-json\/wp\/v2\/types\/page"}],"author":[{"embeddable":true,"href":"https:\/\/likemetkovic.hr\/portal\/wp-json\/wp\/v2\/users\/1"}],"replies":[{"embeddable":true,"href":"https:\/\/likemetkovic.hr\/portal\/wp-json\/wp\/v2\/comments?post=93265"}],"version-history":[{"count":2,"href":"https:\/\/likemetkovic.hr\/portal\/wp-json\/wp\/v2\/pages\/93265\/revisions"}],"predecessor-version":[{"id":171947,"href":"https:\/\/likemetkovic.hr\/portal\/wp-json\/wp\/v2\/pages\/93265\/revisions\/171947"}],"wp:attachment":[{"href":"https:\/\/likemetkovic.hr\/portal\/wp-json\/wp\/v2\/media?parent=93265"}],"curies":[{"name":"wp","href":"https:\/\/api.w.org\/{rel}","templated":true}]}}